{"id":2819,"date":"2023-04-07T06:40:10","date_gmt":"2023-04-07T06:40:10","guid":{"rendered":"https:\/\/www.libis.rs\/?page_id=2819"},"modified":"2023-04-07T11:59:50","modified_gmt":"2023-04-07T11:59:50","slug":"ugalj","status":"publish","type":"page","link":"https:\/\/www.libis.rs\/?page_id=2819","title":{"rendered":"Ugalj"},"content":{"rendered":"\n<p>Ugalj je sedimentna stena organskog porekla crne ili sme\u0111e boje koja ima sposobnost sagorevanja i koristi se kao fosilno gorivo. Dobija se rudarskim metodama eksploatacije koje se na osnovu na\u010dina iskopavanja razvrstavaju u podzemne, povr\u0161inske i podvodne ekploatacije. Ugalj se na osnovu tehni\u010dkih karakteristika deli na: lignitni, mrko-lignitni, mrki, kameni i antracitni ugalj.<\/p>\n\n\n\n<p>U zavisnosti od proizvodnje rudnika na stanju imamo slede\u0107i ugalj:<\/p>\n\n\n\n<p><strong>Sirova Kolubara<\/strong>\u00a0(SRB) je lignitni, najpoznatiji i najrasprostranjeniji ugalj u Srbiji. Imamo ga u obliku kocke i komada. Ostavlja znatno vi\u0161e pepela, posle sagorevanja, i pali se na ni\u017eoj toplotnoj temperaturi. Gornja toplotna mo\u0107 je oko 2.500 kcal, dok donja toplotna mo\u0107 iznosi 2.000 kcal. Sirova Kolubara se dobija povr\u0161inskom eksploatacijom, i karakteristi\u010dan je po tome \u0161to nema veliku kalori\u010dnu mo\u0107 i mo\u017ee se lo\u017eiti i u \u0161poretima i pe\u0107ima na \u010dvrsto gorivo.<\/p>\n\n\n\n<p><strong>Su\u0161ena Kolubara \/ Vreoci<\/strong>\u00a0(SRB) se dobija procesom prerade, u kojem se u prvoj fazi vr\u0161i granulacija uglja tako da u dalji proces ulazi ugalj granulacije od 30 do 150 mm. Ugalj dalje odlazi u su\u0161aru, u kojoj se odre\u0111enim tehnolo\u0161kim procesima pove\u0107ava njegova kalori\u010dna vrednost. Pogodan je za lo\u017eenje i u pe\u0107ima na \u010dvrsto gorivo, i u kotlovima, razvija visoke temperature.<\/p>\n\n\n\n<p><strong>Kostola\u010dki ugalj<\/strong>\u00a0(SRB) je drveni ugalj, imamo ga u obliku kocke ( veli\u010dina &#8220;pesnice&#8221;). Mo\u017ee da se koristi za parno grejanje, kao i za obi\u010dne pe\u0107i i \u0161porete. Preporu\u010den od strane proizvo\u0111a\u010da kotlova na \u010dvrsto gorivo, jer ne o\u0161te\u0107uje kotlove a daje pribli\u017enu toplotnu mo\u0107 kao i visokokalori\u010dni ugljevi. Pored kocke, koja je separisana, zna\u010di nema pra\u0161ine, imamo ga i u obliku komada (veli\u010dina knjige A4 formata). Ovaj ugalj je veoma kvalitetan i poznat je po tome da, posle sagorevanja, ostavlja veoma malo pepela, tako da ne morate \u010desto \u010distiti kotlove ili pe\u0107i. Gornja toplotna mo\u0107 ovog uglja, bez vlage i pepela, je 19.828 kj\/kg to jest 4.836 kcal, a donja 19.020 kj\/kg to jest 4.639 kcal.<\/p>\n\n\n\n<p><strong>Dunavac\/Kovin<\/strong>\u00a0(SRB) se eksploati\u0161e sa podru\u010dja Kovina, a proizvodnja ovog uglja je specifi\u010dna jer se ugalj dobija iskopavanjem ispod povr\u0161ine vode. I pored toga ugalj ima veliku sagorljivu mo\u0107, ne ostavlja pepeo, \u0161ljaku\u2026 Ovaj ugalj se mo\u017ee koristi za lo\u017eenje u kotlovima kada temperature nisu u minusu. Granulacija ovog uglja kre\u0107e od vrlo sitnog od 20 mm do 100 mm me\u0161ovito.<\/p>\n\n\n\n<p><strong>\u0160tavalj\u00a0<\/strong>(SRB) se eksploati\u0161e iz istoimenog mesta \u0160tavalj koje se nalazi blizu Sjenice. Pranjem uglja se odstranjuju pra\u0161ina i sve ne\u010disto\u0107e, tako da je ovaj mrki ugalj veoma \u010dist i visokog je kvaliteta. Proizvodi se u sedam granulacija: komad 60 mm do 100 mm \u2013 17.778 kj\/kg = 4.336 kcal, kocka 30 mm do 60mm \u2013 17.815 kj\/kg = 4.345 kcal, orah 5 mm do 30 mm \u2013 15.144 kj\/kg = 3.694 kcal, sitan 0,25 mm do 5 mm \u2013 11.406 kj\/kg = 2.782, komad (neprani) od 80 mm \u2013 14732 kj\/kg = 3.594 kcal, kocka (neprana) od 40 mm do 80 mm \u2013 13.816 kj\/kg = 3.370 kcal, sitan od 0 mm do 30 mm \u2013 13.316 kj\/kg = 3.248 kcal.<\/p>\n\n\n\n<p><strong>Soko<\/strong>&nbsp;(SRB) je viskokalori\u010dni mrki ugalj, eksploati\u0161e se iz okoline Sokobanje. Kalori\u010dna mo\u0107 od 19.205 kj\/kg = 5.335 KWh\/kg odnosno 4.700 kcal. Granulacija kocke je od 20 mm do 60 mm, oraha od 15 mm do 30 mm. Ovaj ugalj se pere u proizvodnji, tako se odstranjuje pra\u0161ina i dobija se veoma kvalitetan i \u010dist ugalj.&nbsp;<\/p>\n\n\n\n<p><strong>Banovi\u0107i<\/strong>\u00a0(BiH) se najvi\u0161e koristi za lo\u017eenje u kotlovima sa centralnim grejanjem. Ovaj ugalj je najprimenjeniji iz razloga \u0161to ima prose\u010dnu kalori\u010dnu vrednost od 18.400 kj\/kg = 4.490 kcal, \u0161to razvija optimalne temperature i u mesecima kada je temperatura znatno u minusu i kada je u blagom plusu. Mi u na\u0161em asortimanu imamo dve granulacije, koje se naj\u010de\u0161\u0107e koriste, kocka od 30 do 65 mm i orah 15-40 mm.<\/p>\n\n\n\n<p><strong>Ugljevik<\/strong> (BiH) je mrki ugalj. Najvi\u0161e se koristi za lo\u017eenje u kotlovima sa centralnim grejanjem. Ima prose\u010dnu kalori\u010dnu vrednost od 14906 kj\/kg. Mi u na\u0161em asortimanu imamo tri granulacije, koje se naj\u010de\u0161\u0107e koriste, kocka, orah i komad. Ovaj ugalj se pere u proizvodnji, tako da se odstranjuje pra\u0161ina i dobija se veoma kvalitetan i \u010dist ugalj.<\/p>\n\n\n\n<p><strong>Pljevaljski ugalj<\/strong>&nbsp;(MNE) spada u kategoriju visokokalori\u010dnog mrkog lignita. Sagorevanjem jedne tone mrkog pljevaljskog uglja osloba\u0111a se toplota od 14.500 megad\u017eula. Prednosti su mu izuzetno mali sadr\u017eaj sumpora (ispod jednog procenta), kao i drugih nepo\u017eeljnih sastojaka kao \u0161to su pepeo i vlaga.<\/p>\n\n\n\n<p><\/p>\n","protected":false},"excerpt":{"rendered":"<p>Ugalj je sedimentna stena organskog porekla crne ili sme\u0111e boje koja ima sposobnost sagorevanja i koristi se kao fosilno gorivo. Dobija se rudarskim metodama eksploatacije koje se na osnovu na\u010dina iskopavanja razvrstavaju u podzemne, povr\u0161inske i podvodne ekploatacije. Ugalj se &hellip;<\/p>\n<p class=\"read-more\"> <a class=\"more-link\" href=\"https:\/\/www.libis.rs\/?page_id=2819\"> <span class=\"screen-reader-text\">Ugalj<\/span> Read More &raquo;<\/a><\/p>\n","protected":false},"author":3,"featured_media":0,"parent":0,"menu_order":0,"comment_status":"closed","ping_status":"closed","template":"","meta":{"footnotes":""},"class_list":["post-2819","page","type-page","status-publish","hentry"],"_links":{"self":[{"href":"https:\/\/www.libis.rs\/index.php?rest_route=\/wp\/v2\/pages\/2819","targetHints":{"allow":["GET"]}}],"collection":[{"href":"https:\/\/www.libis.rs\/index.php?rest_route=\/wp\/v2\/pages"}],"about":[{"href":"https:\/\/www.libis.rs\/index.php?rest_route=\/wp\/v2\/types\/page"}],"author":[{"embeddable":true,"href":"https:\/\/www.libis.rs\/index.php?rest_route=\/wp\/v2\/users\/3"}],"replies":[{"embeddable":true,"href":"https:\/\/www.libis.rs\/index.php?rest_route=%2Fwp%2Fv2%2Fcomments&post=2819"}],"version-history":[{"count":4,"href":"https:\/\/www.libis.rs\/index.php?rest_route=\/wp\/v2\/pages\/2819\/revisions"}],"predecessor-version":[{"id":2859,"href":"https:\/\/www.libis.rs\/index.php?rest_route=\/wp\/v2\/pages\/2819\/revisions\/2859"}],"wp:attachment":[{"href":"https:\/\/www.libis.rs\/index.php?rest_route=%2Fwp%2Fv2%2Fmedia&parent=2819"}],"curies":[{"name":"wp","href":"https:\/\/api.w.org\/{rel}","templated":true}]}}