{"id":482,"date":"2018-01-11T10:05:24","date_gmt":"2018-01-11T10:05:24","guid":{"rendered":"http:\/\/www.libis.rs\/?page_id=482"},"modified":"2023-04-07T12:31:22","modified_gmt":"2023-04-07T12:31:22","slug":"pellet","status":"publish","type":"page","link":"https:\/\/www.libis.rs\/?page_id=482","title":{"rendered":"Pelet"},"content":{"rendered":"<p><strong>O peletu:<\/strong><\/p>\n<p>Drveni pelet proizvodi se mlevenjem, su\u0161enjem, dodatnim usitnjavanjem i presovanjem sirovine (piljevina, se\u010dka i drveni \u010dips). S obzirom da su izra\u0111eni od 100% drveta, peleti su gu\u0161\u0107i i te\u017ei, \u0161to kao rezultat ima sporije i ravnomernije sagorevanje, pa ih to \u010dini veoma efikasnim gorivom.<\/p>\n<p>Jedna od najva\u017enijih prednosti peleta je da pepeo nastao njihovim sagorevanjem iznosi oko 1%, a energetska vrednost iznad 18 MJ po kilogramu. Peleti se koriste za pe\u0107i i kotlove za grejanje, kako u ku\u0107ama i stanovima, tako i kod velikih potro\u0161a\u010da.<\/p>\n<p><strong>Pakovanje tip I<\/strong>\u00a0 \u00a0 \u00a0 \u00a0 \u00a0 \u00a0 \u00a0 \u00a0 \u00a0 \u00a0 \u00a0 \u00a0 \u00a0 \u00a0 \u00a0 \u00a0 \u00a0 \u00a0 \u00a0 \u00a0 \u00a0 \u00a0 \u00a0 \u00a0 \u00a0 \u00a0 \u00a0 \u00a0\u00a0 \u00a0 \u00a0 \u00a0 \u00a0 \u00a0 \u00a0 \u00a0<strong>\u00a0 \u00a0 \u00a0 \u00a0 \u00a0 \u00a0 \u00a0 \u00a0 \u00a0 \u00a0 \u00a0 \u00a0 \u00a0 \u00a0 \u00a0 \u00a0 \u00a0 \u00a0 \u00a0 \u00a0 \u00a0 \u00a0 \u00a0 \u00a0 \u00a0 \u00a0 \u00a0 \u00a0 \u00a0\u00a0<\/strong><br \/>\nPE vre\u0107e od 15 kg<br \/>\n(70 vre\u0107a na paleti \u2013 1050 kg)<strong>\u00a0 \u00a0 \u00a0 \u00a0 \u00a0 \u00a0 \u00a0 \u00a0 \u00a0 \u00a0 \u00a0 \u00a0 \u00a0 \u00a0 \u00a0 \u00a0 \u00a0\u00a0<\/strong><\/p>\n","protected":false},"excerpt":{"rendered":"<p>O peletu: Drveni pelet proizvodi se mlevenjem, su\u0161enjem, dodatnim usitnjavanjem i presovanjem sirovine (piljevina, se\u010dka i drveni \u010dips). S obzirom da su izra\u0111eni od 100% drveta, peleti su gu\u0161\u0107i i te\u017ei, \u0161to kao rezultat ima sporije i ravnomernije sagorevanje, pa &hellip;<\/p>\n<p class=\"read-more\"> <a class=\"more-link\" href=\"https:\/\/www.libis.rs\/?page_id=482\"> <span class=\"screen-reader-text\">Pelet<\/span> Read More &raquo;<\/a><\/p>\n","protected":false},"author":3,"featured_media":0,"parent":1899,"menu_order":4,"comment_status":"closed","ping_status":"closed","template":"","meta":{"footnotes":""},"class_list":["post-482","page","type-page","status-publish","hentry"],"_links":{"self":[{"href":"https:\/\/www.libis.rs\/index.php?rest_route=\/wp\/v2\/pages\/482","targetHints":{"allow":["GET"]}}],"collection":[{"href":"https:\/\/www.libis.rs\/index.php?rest_route=\/wp\/v2\/pages"}],"about":[{"href":"https:\/\/www.libis.rs\/index.php?rest_route=\/wp\/v2\/types\/page"}],"author":[{"embeddable":true,"href":"https:\/\/www.libis.rs\/index.php?rest_route=\/wp\/v2\/users\/3"}],"replies":[{"embeddable":true,"href":"https:\/\/www.libis.rs\/index.php?rest_route=%2Fwp%2Fv2%2Fcomments&post=482"}],"version-history":[{"count":24,"href":"https:\/\/www.libis.rs\/index.php?rest_route=\/wp\/v2\/pages\/482\/revisions"}],"predecessor-version":[{"id":2860,"href":"https:\/\/www.libis.rs\/index.php?rest_route=\/wp\/v2\/pages\/482\/revisions\/2860"}],"up":[{"embeddable":true,"href":"https:\/\/www.libis.rs\/index.php?rest_route=\/"}],"wp:attachment":[{"href":"https:\/\/www.libis.rs\/index.php?rest_route=%2Fwp%2Fv2%2Fmedia&parent=482"}],"curies":[{"name":"wp","href":"https:\/\/api.w.org\/{rel}","templated":true}]}}