{"id":521,"date":"2018-01-19T13:15:29","date_gmt":"2018-01-19T13:15:29","guid":{"rendered":"http:\/\/www.libis.rs\/?page_id=521"},"modified":"2023-04-05T12:32:54","modified_gmt":"2023-04-05T12:32:54","slug":"uslovi-za-koriscenje-sajta","status":"publish","type":"page","link":"https:\/\/www.libis.rs\/?page_id=521","title":{"rendered":"Op\u0161te informacije"},"content":{"rendered":"<p>Posetom sajta <strong>www.libis.rs<\/strong> prihvatate uslove kori\u0161\u0107enja navedene u daljem tekstu. Molimo Vas da ih pa\u017eljivo pro\u010ditate i upoznate se pravilima. <strong>www.libis.rs<\/strong> zadr\u017eava pravo da bez prethodnog obave\u0161tavanja korisnika sajta vr\u0161i izmene i dopune ovih uslova kori\u0161\u0107enja.<\/p>\n<p>Celokupan sadr\u017eaj web sajta <strong>www.libis.rs<\/strong> koji uklju\u010duje formu i na\u010din izra\u017eavanja, fotografije, prezentacije, informacije o proizvodima, web strukture i dizajnerska re\u0161enja, predstavlja intelektualno vlasni\u0161tvo privrednog dru\u0161tva<strong> Libis d.o.o.<\/strong>, kao isklju\u010divog nosioca prava intelektualne svojine na objavljenom sadr\u017eaju, i za\u0161ti\u0107en je Zakonom o autorskim i srodnim pravima.<\/p>\n<p>Korisni\u010dka prava u skladu sa zakonom podrazumevaju pretra\u017eivanje sajta, preuzimanje teksta, \u0161tampanje sadr\u017eaja web stranice, pristup i kori\u0161\u0107enje sadr\u017eaja koji se nalaze na sajtu, za li\u010dnu upotrebu, sa jasno nazna\u010denim obele\u017ejima o web adresi sa koje je gore pomenuti sadr\u017eaj preuzet.<\/p>\n<p>U cilju spre\u010davanja nezakonitog kori\u0161\u0107enja sadr\u017eaja web sajta, odnosno nedostojnog iskori\u0161\u0107avanja dela, zabranjena je svaka upotreba sajta u pogledu izmena, prevoda, prerada, dopuna i prodaje, suprotno Zakonu o autorskim i srodnim pravima.<\/p>\n<p><strong>Na\u010din komunikacije:<\/strong><\/p>\n<p>Posetom sajta www.libis.rs ili slanjem email poruke, komunicirate sa&nbsp;zaposlenima&nbsp;u <strong>Libis d.o.o.<\/strong> elektronskim putem. Prihvatanjem uslova kori\u0161\u0107enja saglasni ste da se komunikacija vr\u0161i elektronskim putem, preko elektronske po\u0161te.<\/p>\n<p><strong>Za\u0161tita privatnosti:<\/strong><\/p>\n<p>Obavezujemo se da \u0107emo \u010duvati privatnost svih na\u0161ih kupaca. U tu svrhu prikupljamo samo neophodne, osnovne podatke o kupcima i podatke neophodne za poslovanje i informisanje kupaca u skladu sa dobrim poslovnim obi\u010dajima i u cilju pru\u017eanja kvalitetne usluge.<br \/>\nSvi podaci o kupcima su strogo \u010duvani i dostupni su samo zaposlenima kojima su ti podaci neophodni za obavljanje posla.<\/p>\n<p><strong>Vizuelni identitet:<\/strong><\/p>\n<p>Drvare Libis \u010dine materijalna, grafi\u010dka sredstva, koju je rukovodstvo uz par saveta odabralo, definisalo i standardizovalo da bi sebe predstavili javnosti u skladu sa svojim vrednostima. Logotip drvare Libis kreiran je sa ciljem da vizuelno izrazi postojanost, vitalnost i konkurentnost preduze\u0107a i stvori pozitivnu percepciju preduze\u0107a u javnosti.<\/p>\n<p>Logotipu je pridodat &nbsp;grafik koji izra\u017eava asocijaciju na toplotu: Plamen kod slova (b)<\/p>\n<p><strong>Istorijat logotipa:<\/strong><\/p>\n<p>Tokom svog postojanja, drvara je unapre\u0111ivala i menjala svoj vizuelni identitet u skladu sa svojom poslovnom evolucijom.<\/p>\n<p>Novim vizuelnim identitetom uvedenim 2015. godine, Libis d.o.o. iskazuje svoju fleksibilnost i spremnost na promene.<\/p>\n<p><strong>POSLOVNI PODACI:<\/strong><\/p>\n<p><strong>NAZIV:<\/strong><\/p>\n<p>DRVARA LIBIS<\/p>\n<p><strong>PUNO POSLOVNO IME:<\/strong><\/p>\n<p><span style=\"color: #000000;\">LIBIS PREDUZE\u0106E ZA PROIZVODNJU, USLUGE I PROMET, EXPORT IMPORT DOO, SUBOTICA<\/span><\/p>\n<p><strong>SKRA\u0106ENO POSLOVNO IME:<\/strong><\/p>\n<p>LIBIS d.o.o.<\/p>\n<p><strong>SEDI\u0160TE I ADRESA:<\/strong><\/p>\n<p>Subotica, Maj\u0161anski put 285<\/p>\n<p><strong>\u0160IFRA DELATNOSTI:<\/strong>&nbsp;<span style=\"color: #000000;\">1610<\/span><\/p>\n<p><span style=\"color: #414042;\">Registrovan za spoljnotrgovinski promet i za usluge u spoljnotrgovinskom prometu.<\/span><\/p>\n<p><strong>PRAVNA FORMA:<\/strong><\/p>\n<p>DRU\u0160TVO SA OGRANI\u010cENOM ODGOVORNO\u0160\u0106U<\/p>\n<p><strong>PIB:<\/strong>&nbsp;100845211<\/p>\n<p><strong>MATI\u010cNI BROJ:<\/strong>&nbsp;08594295<\/p>\n<p><strong>DATUM OSNIVANJA:<\/strong>&nbsp;10.12.1994.<\/p>\n<p><strong>TEKU\u0106I RA\u010cUNI:<\/strong><\/p>\n<p>205-509138-36 NLB KomBank<\/p>\n<p>220-138140-56 ProCredit<\/p>\n","protected":false},"excerpt":{"rendered":"<p>Posetom sajta www.libis.rs prihvatate uslove kori\u0161\u0107enja navedene u daljem tekstu. Molimo Vas da ih pa\u017eljivo pro\u010ditate i upoznate se pravilima. www.libis.rs zadr\u017eava pravo da bez prethodnog obave\u0161tavanja korisnika sajta vr\u0161i izmene i dopune ovih uslova kori\u0161\u0107enja. Celokupan sadr\u017eaj web sajta &hellip;<\/p>\n<p class=\"read-more\"> <a class=\"more-link\" href=\"https:\/\/www.libis.rs\/?page_id=521\"> <span class=\"screen-reader-text\">Op\u0161te informacije<\/span> Read More &raquo;<\/a><\/p>\n","protected":false},"author":3,"featured_media":0,"parent":7,"menu_order":2,"comment_status":"closed","ping_status":"closed","template":"","meta":{"footnotes":""},"class_list":["post-521","page","type-page","status-publish","hentry"],"_links":{"self":[{"href":"https:\/\/www.libis.rs\/index.php?rest_route=\/wp\/v2\/pages\/521","targetHints":{"allow":["GET"]}}],"collection":[{"href":"https:\/\/www.libis.rs\/index.php?rest_route=\/wp\/v2\/pages"}],"about":[{"href":"https:\/\/www.libis.rs\/index.php?rest_route=\/wp\/v2\/types\/page"}],"author":[{"embeddable":true,"href":"https:\/\/www.libis.rs\/index.php?rest_route=\/wp\/v2\/users\/3"}],"replies":[{"embeddable":true,"href":"https:\/\/www.libis.rs\/index.php?rest_route=%2Fwp%2Fv2%2Fcomments&post=521"}],"version-history":[{"count":19,"href":"https:\/\/www.libis.rs\/index.php?rest_route=\/wp\/v2\/pages\/521\/revisions"}],"predecessor-version":[{"id":2730,"href":"https:\/\/www.libis.rs\/index.php?rest_route=\/wp\/v2\/pages\/521\/revisions\/2730"}],"up":[{"embeddable":true,"href":"https:\/\/www.libis.rs\/index.php?rest_route=\/wp\/v2\/pages\/7"}],"wp:attachment":[{"href":"https:\/\/www.libis.rs\/index.php?rest_route=%2Fwp%2Fv2%2Fmedia&parent=521"}],"curies":[{"name":"wp","href":"https:\/\/api.w.org\/{rel}","templated":true}]}}