{"id":7,"date":"2014-07-09T08:28:08","date_gmt":"2014-07-09T08:28:08","guid":{"rendered":"http:\/\/localhost\/Libis\/?page_id=7"},"modified":"2023-04-05T12:32:41","modified_gmt":"2023-04-05T12:32:41","slug":"o-nama","status":"publish","type":"page","link":"https:\/\/www.libis.rs\/?page_id=7","title":{"rendered":"O nama"},"content":{"rendered":"<p><strong>Vizija i misija<\/strong><\/p>\n<p>Ve\u0107 29. godina kako Libis d.o.o. posluje i traje svojim iskustvom, znanjem i radom.<\/p>\n<p>\u017delimo da istaknemo va\u017enost vrednosti na kojima po\u010diva na\u0161 rad, me\u0111usobni odnosi i reputacija, koju kao preduze\u0107e imamo.<\/p>\n<p>Libis je uvek prednja\u010dio u inovacijama, pa smo tako, i ovom prilikom \u017eeleli da odemo korak dalje pravljenjem sajta 2011. godine.<\/p>\n<p><strong>Na\u0161a osnova?<\/strong><\/p>\n<p>Radimo na zadovoljstvu krajnjih potoro\u0161a\u010da, uz pomo\u0107 velikog iskustva, teorijskog i prakti\u010dnog znanja i predanog rada.<\/p>\n<p><strong>Na\u0161a odluka<\/strong><strong>?<\/strong><\/p>\n<p>Predano te\u017eimo ka tome da budemo prvi izbor pri kupovini ogrevnog materijala.<\/p>\n<p><strong>U \u0161ta verujemo i \u0161ta nam garantuje uspeh?<\/strong><\/p>\n<p>Profesionalnost.<br \/>\nPosve\u0107enost.<br \/>\nTimski rad.<br \/>\nPobedni\u010dki mentalitet.<\/p>\n<p><strong>Istorija i danas:<\/strong><\/p>\n<p>Libis d.o.o. preduze\u0107e je osnovano 1994. godine u Subotici. Osniva\u010d preduze\u0107a je Radovan Babi\u0107 (1961-2018) diplomirani ekonomista. Studije je zavr\u0161io na Ekonomskom fakultetu u Subotici. Po\u010dinje da radi u AD ,,Ravnica\u201d Bajmok u sektoru plana i analize. Posle par godina rada u privredi odlazi na mesto Tr\u017ei\u0161nog inspektora. Svojim radom, trudom, zalaganjem imenuje se na mesto nekada\u0161njeg na\u010delnika Tr\u017ei\u0161ne inspekcije severnoba\u010dkog okruga, iza koga su ostali i dan danas zna\u010dajni rezultati. Bio je nekada\u0161nji generalni direktor ,,Solida\u201d dru\u0161tvenog preduze\u0107a koje je brojalo 800 zaposlenih. Ostao je upam\u0107en po zna\u010dajnom rastu proizvodnje obu\u0107e, modernizacijom fabrike, kupovinom novih ma\u0161ina i najzna\u010dajnijom odlukom da plasira svoje proizvode na tr\u017ei\u0161te Ruske Federacije. Posle bogatog iskustva koje je stekao u dr\u017eavnom organu, dru\u0161tvenim preduze\u0107ima i privredi odlu\u010duje da se posveti svom sopstvenom preduze\u0107u.<\/p>\n<p>Libis d.o.o. u po\u010detku se bavi uvozom i izvozom, veleprodajom gra\u0111evinskog i ogrevnog materijala. Od 2000. godine preduze\u0107e se specijalizovalo za prodaju ogrevnog materijala.<\/p>\n<p>Libis d.o.o. uspe\u0161no posluje u Srbiji vi\u0161e od 20 godina i svoje poslovne planove usmerava samo na doma\u0107e tr\u017ei\u0161te. Ostvaruju\u0107i uspe\u0161ne poslovne rezultate i grade\u0107i partnerske odnose sa doma\u0107im i inostranim preduze\u0107ima. Zahvaljuju\u0107i dugogodi\u0161njem uspe\u0161nom i kvalitetnom radu stekli smo poverenje velikog broja kupaca. Zaposleni su Vam na raspolaganju da Vas posavetuju i pomognu oko kupovine ogreva. Libis svojom tradicijom postojanja pru\u017ea svojim partnerima i klijentima sigurnost u oblasti trgovine ogrevnim materijalom.<\/p>\n<p>Libis je zadobio poverenje mnogih kupaca fizi\u010dkih, pravnih lica, organizacija, udru\u017eenja tako da je ponosan na svoj status u oblasti trgovine ogrevnim materijalom. Zadovoljstvo kupaca \u0107e i u narednom periodu biti na\u0161 osnovni cilj. Bi\u0107e nam \u010dast da se i Vi uvrstite u na\u0161u mnogobrojnu klijentelu.<\/p>\n","protected":false},"excerpt":{"rendered":"<p>Vizija i misija Ve\u0107 29. godina kako Libis d.o.o. posluje i traje svojim iskustvom, znanjem i radom. \u017delimo da istaknemo va\u017enost vrednosti na kojima po\u010diva na\u0161 rad, me\u0111usobni odnosi i reputacija, koju kao preduze\u0107e imamo. Libis je uvek prednja\u010dio u &hellip;<\/p>\n<p class=\"read-more\"> <a class=\"more-link\" href=\"https:\/\/www.libis.rs\/?page_id=7\"> <span class=\"screen-reader-text\">O nama<\/span> Read More &raquo;<\/a><\/p>\n","protected":false},"author":3,"featured_media":0,"parent":0,"menu_order":2,"comment_status":"closed","ping_status":"closed","template":"","meta":{"footnotes":""},"class_list":["post-7","page","type-page","status-publish","hentry"],"_links":{"self":[{"href":"https:\/\/www.libis.rs\/index.php?rest_route=\/wp\/v2\/pages\/7","targetHints":{"allow":["GET"]}}],"collection":[{"href":"https:\/\/www.libis.rs\/index.php?rest_route=\/wp\/v2\/pages"}],"about":[{"href":"https:\/\/www.libis.rs\/index.php?rest_route=\/wp\/v2\/types\/page"}],"author":[{"embeddable":true,"href":"https:\/\/www.libis.rs\/index.php?rest_route=\/wp\/v2\/users\/3"}],"replies":[{"embeddable":true,"href":"https:\/\/www.libis.rs\/index.php?rest_route=%2Fwp%2Fv2%2Fcomments&post=7"}],"version-history":[{"count":28,"href":"https:\/\/www.libis.rs\/index.php?rest_route=\/wp\/v2\/pages\/7\/revisions"}],"predecessor-version":[{"id":2729,"href":"https:\/\/www.libis.rs\/index.php?rest_route=\/wp\/v2\/pages\/7\/revisions\/2729"}],"wp:attachment":[{"href":"https:\/\/www.libis.rs\/index.php?rest_route=%2Fwp%2Fv2%2Fmedia&parent=7"}],"curies":[{"name":"wp","href":"https:\/\/api.w.org\/{rel}","templated":true}]}}